{"id":2151,"date":"2020-11-23T13:51:08","date_gmt":"2020-11-23T12:51:08","guid":{"rendered":"https:\/\/lossantosibericos.com\/product\/pack-virutas-ibericas-5-x-100gr\/"},"modified":"2023-10-04T14:00:13","modified_gmt":"2023-10-04T12:00:13","slug":"pack-virutas-ibericas-5-x-100gr","status":"publish","type":"product","link":"https:\/\/lossantosibericos.com\/en\/product\/pack-virutas-ibericas-5-x-100gr\/","title":{"rendered":"Pack virutas ib\u00e9ricas (5 x 100gr)"},"content":{"rendered":"<p>Pack de 5 sobres de virutas de jam\u00f3n ib\u00e9rico, ideales para tus recetas m\u00e1s gourmet o para tus aperitivos. Cada sobre de virutas contiene 100gr de producto.<\/p>\n<p><span data-sheets-value=\"{&quot;1&quot;:2,&quot;2&quot;:&quot;Ideales para incorporarlas en tus recetas: huevos rotos con patatas y virutas, ensaladilla rusa con el toque de ib\u00e9rico, , para decorar las cremas de verduras, etc. \\nY si no eres cocinilla\u2026 \u00a1tranquilo!, que un buen bocadillo con virutas ib\u00e9ricas, es irresistible. \\n&quot;}\" data-sheets-userformat=\"{&quot;2&quot;:513,&quot;3&quot;:{&quot;1&quot;:0},&quot;12&quot;:0}\">Ideales para incorporarlas en tus recetas: huevos rotos con patatas y virutas, ensaladilla rusa con el toque de ib\u00e9rico, , para decorar las cremas de verduras, etc.<br \/>\nY si no eres cocinilla\u2026 \u00a1tranquilo!, que un buen bocadillo con virutas ib\u00e9ricas, es irresistible.<br \/>\n<\/span><\/p>","protected":false},"excerpt":{"rendered":"<p>Pack de 5 sobres de virutas de jam\u00f3n ib\u00e9rico, ideales para tus recetas m\u00e1s gourmet o para tus aperitivos. Cada sobre de virutas contiene 100gr de producto. Ideales para incorporarlas en tus recetas: huevos rotos con patatas y virutas, ensaladilla rusa con el toque de ib\u00e9rico, , para decorar las cremas de verduras, etc. Y &#8230; <a title=\"Pack virutas ib\u00e9ricas (5 x 100gr)\" class=\"read-more\" href=\"https:\/\/lossantosibericos.com\/en\/product\/pack-virutas-ibericas-5-x-100gr\/\" aria-label=\"Read more about Pack virutas ib\u00e9ricas (5 x 100gr)\">Read more<\/a><\/p>","protected":false},"featured_media":2149,"comment_status":"closed","ping_status":"closed","template":"","meta":[],"product_cat":[20,22,55,48],"product_tag":[63],"class_list":{"0":"post-2151","1":"product","2":"type-product","3":"status-publish","4":"has-post-thumbnail","6":"product_cat-curados-loncheados","7":"product_cat-packs","8":"product_cat-jamones","9":"product_cat-paletas","10":"product_tag-loncheado","12":"first","13":"instock","14":"purchasable","15":"product-type-simple"},"_links":{"self":[{"href":"https:\/\/lossantosibericos.com\/en\/wp-json\/wp\/v2\/product\/2151","targetHints":{"allow":["GET"]}}],"collection":[{"href":"https:\/\/lossantosibericos.com\/en\/wp-json\/wp\/v2\/product"}],"about":[{"href":"https:\/\/lossantosibericos.com\/en\/wp-json\/wp\/v2\/types\/product"}],"replies":[{"embeddable":true,"href":"https:\/\/lossantosibericos.com\/en\/wp-json\/wp\/v2\/comments?post=2151"}],"wp:featuredmedia":[{"embeddable":true,"href":"https:\/\/lossantosibericos.com\/en\/wp-json\/wp\/v2\/media\/2149"}],"wp:attachment":[{"href":"https:\/\/lossantosibericos.com\/en\/wp-json\/wp\/v2\/media?parent=2151"}],"wp:term":[{"taxonomy":"product_cat","embeddable":true,"href":"https:\/\/lossantosibericos.com\/en\/wp-json\/wp\/v2\/product_cat?post=2151"},{"taxonomy":"product_tag","embeddable":true,"href":"https:\/\/lossantosibericos.com\/en\/wp-json\/wp\/v2\/product_tag?post=2151"}],"curies":[{"name":"wp","href":"https:\/\/api.w.org\/{rel}","templated":true}]}}