{"id":2152,"date":"2020-11-23T13:51:08","date_gmt":"2020-11-23T12:51:08","guid":{"rendered":"https:\/\/lossantosibericos.com\/product\/pack-cata-de-jamon\/"},"modified":"2025-12-02T15:04:57","modified_gmt":"2025-12-02T14:04:57","slug":"pack-cata-de-jamon","status":"publish","type":"product","link":"https:\/\/lossantosibericos.com\/en\/product\/pack-cata-de-jamon\/","title":{"rendered":"Pack cata de jam\u00f3n"},"content":{"rendered":"<p>\u00a1Disfrutar de una cata de ib\u00e9ricos en casa con los tuyos es posible gracias a nuestro Pack Cata de jam\u00f3n ib\u00e9rico!<br \/>\nCon este Pack aprender\u00e1s a descubrir la diferencia de los diferentes tipos de jam\u00f3n y paletas seg\u00fan su alimentaci\u00f3n y seg\u00fan su raza.<br \/>\n\u00bfPreparado para convertirte en un experto del ib\u00e9rico?<\/p>\n<p>Sobre Jam\u00f3n de Bellota 100% ib\u00e9rico (80gr-corte a mano)<br \/>\nSobre Jam\u00f3n Cebo de Campo ib\u00e9rico 50% raza ib\u00e9rica (80gr -corte a mano)<br \/>\nSobre Paleta de Bellota 100% ib\u00e9rica (80gr -corte a mano)<br \/>\nSobre Paleta cebo de campo ib\u00e9rico 50% raza ib\u00e9rica (80gr -corte a mano)<br \/>\nBolsa picos pan<br \/>\nTr\u00edptico explicativo de cada producto y de c\u00f3mo efectuar la cata<br \/>\nGift Box<\/p>","protected":false},"excerpt":{"rendered":"<p>\u00a1Disfrutar de una cata de ib\u00e9ricos en casa con los tuyos es posible gracias a nuestro Pack Cata de jam\u00f3n ib\u00e9rico! Con este Pack aprender\u00e1s a descubrir la diferencia de los diferentes tipos de jam\u00f3n y paletas seg\u00fan su alimentaci\u00f3n y seg\u00fan su raza. \u00bfPreparado para convertirte en un experto del ib\u00e9rico? Sobre Jam\u00f3n de &#8230; <a title=\"Pack cata de jam\u00f3n\" class=\"read-more\" href=\"https:\/\/lossantosibericos.com\/en\/product\/pack-cata-de-jamon\/\" aria-label=\"Read more about Pack cata de jam\u00f3n\">Read more<\/a><\/p>","protected":false},"featured_media":2146,"comment_status":"closed","ping_status":"closed","template":"","meta":[],"product_cat":[20,22],"product_tag":[63],"class_list":{"0":"post-2152","1":"product","2":"type-product","3":"status-publish","4":"has-post-thumbnail","6":"product_cat-curados-loncheados","7":"product_cat-packs","8":"product_tag-loncheado","10":"first","11":"instock","12":"taxable","13":"shipping-taxable","14":"purchasable","15":"product-type-simple"},"_links":{"self":[{"href":"https:\/\/lossantosibericos.com\/en\/wp-json\/wp\/v2\/product\/2152","targetHints":{"allow":["GET"]}}],"collection":[{"href":"https:\/\/lossantosibericos.com\/en\/wp-json\/wp\/v2\/product"}],"about":[{"href":"https:\/\/lossantosibericos.com\/en\/wp-json\/wp\/v2\/types\/product"}],"replies":[{"embeddable":true,"href":"https:\/\/lossantosibericos.com\/en\/wp-json\/wp\/v2\/comments?post=2152"}],"wp:featuredmedia":[{"embeddable":true,"href":"https:\/\/lossantosibericos.com\/en\/wp-json\/wp\/v2\/media\/2146"}],"wp:attachment":[{"href":"https:\/\/lossantosibericos.com\/en\/wp-json\/wp\/v2\/media?parent=2152"}],"wp:term":[{"taxonomy":"product_cat","embeddable":true,"href":"https:\/\/lossantosibericos.com\/en\/wp-json\/wp\/v2\/product_cat?post=2152"},{"taxonomy":"product_tag","embeddable":true,"href":"https:\/\/lossantosibericos.com\/en\/wp-json\/wp\/v2\/product_tag?post=2152"}],"curies":[{"name":"wp","href":"https:\/\/api.w.org\/{rel}","templated":true}]}}