{"id":345,"date":"2020-06-26T06:17:25","date_gmt":"2020-06-26T06:17:25","guid":{"rendered":"https:\/\/lossantosibericos.com\/product\/oro\/"},"modified":"2025-12-02T15:01:09","modified_gmt":"2025-12-02T14:01:09","slug":"oro","status":"publish","type":"product","link":"https:\/\/lossantosibericos.com\/en\/product\/gold\/","title":{"rendered":"Gold"},"content":{"rendered":"<p>1 Paleta de Bellota 100% ib\u00e9rica.<br \/>\n1 Iberian Chorizo.<br \/>\n1 Iberian sausage.<br \/>\n1 Country Cheese, Arzua Ulloa.<br \/>\n1 Sant Gil d'Albi\u00f3 cheese<br \/>\n2 Bags of Iberian Tacos 100 gr.<br \/>\n1 bottle Aromas del Silencio (Red Wine).<br \/>\n1 Black gift box.<\/p>","protected":false},"excerpt":{"rendered":"<p>1 Paleta de Bellota 100% ib\u00e9rica. 1 Chorizo Ib\u00e9rico. 1 Salchich\u00f3n Ib\u00e9rico. 1 Queso Pa\u00eds, Arzua Ulloa. 1 Queso Sant Gil d&#8217;Albi\u00f3 2 Bolsas de Tacos Ib\u00e9ricos 100 gr. 1 botella Aromas del Silencio (Vino Tinto). 1 Caja negra regalo.<\/p>","protected":false},"featured_media":414,"comment_status":"closed","ping_status":"closed","template":"","meta":[],"product_cat":[22],"product_tag":[63],"class_list":{"0":"post-345","1":"product","2":"type-product","3":"status-publish","4":"has-post-thumbnail","6":"product_cat-packs","7":"product_tag-loncheado","8":"product_shipping_class-31","10":"first","11":"instock","12":"taxable","13":"shipping-taxable","14":"purchasable","15":"product-type-simple"},"_links":{"self":[{"href":"https:\/\/lossantosibericos.com\/en\/wp-json\/wp\/v2\/product\/345","targetHints":{"allow":["GET"]}}],"collection":[{"href":"https:\/\/lossantosibericos.com\/en\/wp-json\/wp\/v2\/product"}],"about":[{"href":"https:\/\/lossantosibericos.com\/en\/wp-json\/wp\/v2\/types\/product"}],"replies":[{"embeddable":true,"href":"https:\/\/lossantosibericos.com\/en\/wp-json\/wp\/v2\/comments?post=345"}],"wp:featuredmedia":[{"embeddable":true,"href":"https:\/\/lossantosibericos.com\/en\/wp-json\/wp\/v2\/media\/414"}],"wp:attachment":[{"href":"https:\/\/lossantosibericos.com\/en\/wp-json\/wp\/v2\/media?parent=345"}],"wp:term":[{"taxonomy":"product_cat","embeddable":true,"href":"https:\/\/lossantosibericos.com\/en\/wp-json\/wp\/v2\/product_cat?post=345"},{"taxonomy":"product_tag","embeddable":true,"href":"https:\/\/lossantosibericos.com\/en\/wp-json\/wp\/v2\/product_tag?post=345"}],"curies":[{"name":"wp","href":"https:\/\/api.w.org\/{rel}","templated":true}]}}