{"id":475,"date":"2020-06-29T06:28:27","date_gmt":"2020-06-29T04:28:27","guid":{"rendered":"https:\/\/lossantosibericos.com\/product\/pack-gourmet-plus\/"},"modified":"2025-12-02T14:56:25","modified_gmt":"2025-12-02T13:56:25","slug":"pack-gourmet-plus","status":"publish","type":"product","link":"https:\/\/lossantosibericos.com\/en\/product\/gourmet-plus-pack\/","title":{"rendered":"Gourmet Plus Pack"},"content":{"rendered":"<p>6 Sobres Jam\u00f3n ib\u00e9rico de cebo 50% Raza ib\u00e9rica 100gr (loncheado a mano),<br \/>\n1 On Iberian shavings 250gr,<br \/>\n5 envelopes manchego cheese,<br \/>\n2 Fuet \u00abFussimanya\u00bb<br \/>\n4 bags of bread picks,<br \/>\n1 Bottle of Aromas del Silencio wine<br \/>\nGift Box<\/p>","protected":false},"excerpt":{"rendered":"<p>6 Sobres Jam\u00f3n ib\u00e9rico de cebo 50% Raza ib\u00e9rica 100gr (loncheado a mano), 1 Sobre virutas ib\u00e9ricas 250gr, 5 Sobres queso manchego, 2 Fuet \u00abFussimanya\u00bb 4 Bolsas de picos de pan, 1 Botella de vino Aromas del Silencio Caja Regalo<\/p>","protected":false},"featured_media":504,"comment_status":"closed","ping_status":"closed","template":"","meta":[],"product_cat":[22],"product_tag":[63],"class_list":{"0":"post-475","1":"product","2":"type-product","3":"status-publish","4":"has-post-thumbnail","6":"product_cat-packs","7":"product_tag-loncheado","9":"first","10":"instock","11":"taxable","12":"shipping-taxable","13":"purchasable","14":"product-type-simple"},"_links":{"self":[{"href":"https:\/\/lossantosibericos.com\/en\/wp-json\/wp\/v2\/product\/475","targetHints":{"allow":["GET"]}}],"collection":[{"href":"https:\/\/lossantosibericos.com\/en\/wp-json\/wp\/v2\/product"}],"about":[{"href":"https:\/\/lossantosibericos.com\/en\/wp-json\/wp\/v2\/types\/product"}],"replies":[{"embeddable":true,"href":"https:\/\/lossantosibericos.com\/en\/wp-json\/wp\/v2\/comments?post=475"}],"wp:featuredmedia":[{"embeddable":true,"href":"https:\/\/lossantosibericos.com\/en\/wp-json\/wp\/v2\/media\/504"}],"wp:attachment":[{"href":"https:\/\/lossantosibericos.com\/en\/wp-json\/wp\/v2\/media?parent=475"}],"wp:term":[{"taxonomy":"product_cat","embeddable":true,"href":"https:\/\/lossantosibericos.com\/en\/wp-json\/wp\/v2\/product_cat?post=475"},{"taxonomy":"product_tag","embeddable":true,"href":"https:\/\/lossantosibericos.com\/en\/wp-json\/wp\/v2\/product_tag?post=475"}],"curies":[{"name":"wp","href":"https:\/\/api.w.org\/{rel}","templated":true}]}}