{"id":476,"date":"2020-06-29T06:28:27","date_gmt":"2020-06-29T04:28:27","guid":{"rendered":"https:\/\/lossantosibericos.com\/product\/pack-5-santos-ibericos-de-bellota\/"},"modified":"2025-12-02T15:06:49","modified_gmt":"2025-12-02T14:06:49","slug":"pack-5-santos-ibericos-de-bellota","status":"publish","type":"product","link":"https:\/\/lossantosibericos.com\/en\/product\/pack-5-accorn-fed-santos-ibericos\/","title":{"rendered":"Pack 5 Acorn-fed Santos Ib\u00e9ricos"},"content":{"rendered":"<p>1 Sobre Jam\u00f3n de Bellota ib\u00e9rico 50% raza ib\u00e9rica loncheado al vac\u00edo (80gr)<br \/>\n1 Sobre Paleta de Bellota ib\u00e9rico 50% raza ib\u00e9rica loncheada al vac\u00edo (80gr)<br \/>\n1 Sobre Lomo de bellota ib\u00e9rico 50% raza ib\u00e9rica loncheado al vac\u00edo (80gr)<br \/>\n1 Sobre Chorizo de bellota ib\u00e9rico 50% raza ib\u00e9rica loncheado al vac\u00edo (80gr)<br \/>\n1 Sobre Salchich\u00f3n de bellota ib\u00e9rico 50% raza ib\u00e9rica loncheado al vac\u00edo (80gr)<\/p>","protected":false},"excerpt":{"rendered":"<p>1 Sobre Jam\u00f3n de Bellota ib\u00e9rico 50% raza ib\u00e9rica loncheado al vac\u00edo (80gr) 1 Sobre Paleta de Bellota ib\u00e9rico 50% raza ib\u00e9rica loncheada al vac\u00edo (80gr) 1 Sobre Lomo de bellota ib\u00e9rico 50% raza ib\u00e9rica loncheado al vac\u00edo (80gr) 1 Sobre Chorizo de bellota ib\u00e9rico 50% raza ib\u00e9rica loncheado al vac\u00edo (80gr) 1 Sobre Salchich\u00f3n &#8230; <a title=\"Pack 5 Acorn-fed Santos Ib\u00e9ricos\" class=\"read-more\" href=\"https:\/\/lossantosibericos.com\/en\/product\/pack-5-accorn-fed-santos-ibericos\/\" aria-label=\"Read more about Pack 5 Santos Ib\u00e9ricos de Bellota\">Read more<\/a><\/p>","protected":false},"featured_media":1782,"comment_status":"closed","ping_status":"closed","template":"","meta":[],"product_cat":[20,22],"product_tag":[63],"class_list":{"0":"post-476","1":"product","2":"type-product","3":"status-publish","4":"has-post-thumbnail","6":"product_cat-curados-loncheados","7":"product_cat-packs","8":"product_tag-loncheado","10":"first","11":"instock","12":"taxable","13":"shipping-taxable","14":"purchasable","15":"product-type-simple"},"_links":{"self":[{"href":"https:\/\/lossantosibericos.com\/en\/wp-json\/wp\/v2\/product\/476","targetHints":{"allow":["GET"]}}],"collection":[{"href":"https:\/\/lossantosibericos.com\/en\/wp-json\/wp\/v2\/product"}],"about":[{"href":"https:\/\/lossantosibericos.com\/en\/wp-json\/wp\/v2\/types\/product"}],"replies":[{"embeddable":true,"href":"https:\/\/lossantosibericos.com\/en\/wp-json\/wp\/v2\/comments?post=476"}],"wp:featuredmedia":[{"embeddable":true,"href":"https:\/\/lossantosibericos.com\/en\/wp-json\/wp\/v2\/media\/1782"}],"wp:attachment":[{"href":"https:\/\/lossantosibericos.com\/en\/wp-json\/wp\/v2\/media?parent=476"}],"wp:term":[{"taxonomy":"product_cat","embeddable":true,"href":"https:\/\/lossantosibericos.com\/en\/wp-json\/wp\/v2\/product_cat?post=476"},{"taxonomy":"product_tag","embeddable":true,"href":"https:\/\/lossantosibericos.com\/en\/wp-json\/wp\/v2\/product_tag?post=476"}],"curies":[{"name":"wp","href":"https:\/\/api.w.org\/{rel}","templated":true}]}}