{"id":477,"date":"2020-06-29T05:41:42","date_gmt":"2020-06-29T05:41:42","guid":{"rendered":"https:\/\/lossantosibericos.com\/product\/paleta-de-cebo-50-raza-iberico\/"},"modified":"2025-12-02T14:25:19","modified_gmt":"2025-12-02T13:25:19","slug":"paleta-de-cebo-50-raza-iberico-sobres","status":"publish","type":"product","link":"https:\/\/lossantosibericos.com\/en\/product\/50-iberian-breed-bait-shoulder-3\/","title":{"rendered":"Paleta de Cebo ib\u00e9rico 50% raza ib\u00e9rica"},"content":{"rendered":"<p>Fore leg of the Ib\u00e9rico pig. Artisanal product produced using traditional methods and thanks to its long curing process. It has a unique and intense colour, flavour and aromas.<\/p>","protected":false},"excerpt":{"rendered":"<p>Fore leg of the Ib\u00e9rico pig. Artisanal product produced using traditional methods and thanks to its long curing process. It has a unique and intense colour, flavour and aromas.<\/p>","protected":false},"featured_media":401,"comment_status":"closed","ping_status":"closed","template":"","meta":[],"product_cat":[20,22],"product_tag":[63],"class_list":{"0":"post-477","1":"product","2":"type-product","3":"status-publish","4":"has-post-thumbnail","6":"product_cat-curados-loncheados","7":"product_cat-packs","8":"product_tag-loncheado","10":"first","11":"instock","12":"taxable","13":"shipping-taxable","14":"purchasable","15":"product-type-variable"},"_links":{"self":[{"href":"https:\/\/lossantosibericos.com\/en\/wp-json\/wp\/v2\/product\/477","targetHints":{"allow":["GET"]}}],"collection":[{"href":"https:\/\/lossantosibericos.com\/en\/wp-json\/wp\/v2\/product"}],"about":[{"href":"https:\/\/lossantosibericos.com\/en\/wp-json\/wp\/v2\/types\/product"}],"replies":[{"embeddable":true,"href":"https:\/\/lossantosibericos.com\/en\/wp-json\/wp\/v2\/comments?post=477"}],"wp:featuredmedia":[{"embeddable":true,"href":"https:\/\/lossantosibericos.com\/en\/wp-json\/wp\/v2\/media\/401"}],"wp:attachment":[{"href":"https:\/\/lossantosibericos.com\/en\/wp-json\/wp\/v2\/media?parent=477"}],"wp:term":[{"taxonomy":"product_cat","embeddable":true,"href":"https:\/\/lossantosibericos.com\/en\/wp-json\/wp\/v2\/product_cat?post=477"},{"taxonomy":"product_tag","embeddable":true,"href":"https:\/\/lossantosibericos.com\/en\/wp-json\/wp\/v2\/product_tag?post=477"}],"curies":[{"name":"wp","href":"https:\/\/api.w.org\/{rel}","templated":true}]}}