{"id":481,"date":"2020-06-29T06:28:27","date_gmt":"2020-06-29T04:28:27","guid":{"rendered":"https:\/\/lossantosibericos.com\/product\/paleta-iberica-de-bellota\/"},"modified":"2025-12-16T08:37:03","modified_gmt":"2025-12-16T07:37:03","slug":"paleta-iberica-de-bellota","status":"publish","type":"product","link":"https:\/\/lossantosibericos.com\/en\/product\/iberian-acorn-fed-shoulder\/","title":{"rendered":"Paleta de Bellota ib\u00e9rica 50% raza ib\u00e9rica"},"content":{"rendered":"<p>Fore leg of the Ib\u00e9rico pig. Artisanal product produced using traditional methods and thanks to its long curing process. It has a unique and intense colour, flavour and aromas.<\/p>","protected":false},"excerpt":{"rendered":"<p>Fore leg of the Ib\u00e9rico pig. Artisanal product produced using traditional methods and thanks to its long curing process. It has a unique and intense colour, flavour and aromas.<\/p>","protected":false},"featured_media":2015,"comment_status":"closed","ping_status":"closed","template":"","meta":[],"product_cat":[48],"product_tag":[62],"class_list":{"0":"post-481","1":"product","2":"type-product","3":"status-publish","4":"has-post-thumbnail","6":"product_cat-paletas","7":"product_tag-pieza-entera","9":"first","10":"instock","11":"taxable","12":"shipping-taxable","13":"purchasable","14":"product-type-simple"},"_links":{"self":[{"href":"https:\/\/lossantosibericos.com\/en\/wp-json\/wp\/v2\/product\/481","targetHints":{"allow":["GET"]}}],"collection":[{"href":"https:\/\/lossantosibericos.com\/en\/wp-json\/wp\/v2\/product"}],"about":[{"href":"https:\/\/lossantosibericos.com\/en\/wp-json\/wp\/v2\/types\/product"}],"replies":[{"embeddable":true,"href":"https:\/\/lossantosibericos.com\/en\/wp-json\/wp\/v2\/comments?post=481"}],"wp:featuredmedia":[{"embeddable":true,"href":"https:\/\/lossantosibericos.com\/en\/wp-json\/wp\/v2\/media\/2015"}],"wp:attachment":[{"href":"https:\/\/lossantosibericos.com\/en\/wp-json\/wp\/v2\/media?parent=481"}],"wp:term":[{"taxonomy":"product_cat","embeddable":true,"href":"https:\/\/lossantosibericos.com\/en\/wp-json\/wp\/v2\/product_cat?post=481"},{"taxonomy":"product_tag","embeddable":true,"href":"https:\/\/lossantosibericos.com\/en\/wp-json\/wp\/v2\/product_tag?post=481"}],"curies":[{"name":"wp","href":"https:\/\/api.w.org\/{rel}","templated":true}]}}