{"id":485,"date":"2020-06-29T05:41:49","date_gmt":"2020-06-29T03:41:49","guid":{"rendered":"https:\/\/lossantosibericos.com\/product\/jamon-de-cebo-50-raza-iberico\/"},"modified":"2025-12-02T14:27:12","modified_gmt":"2025-12-02T13:27:12","slug":"jamon-de-cebo-50-raza-iberico-pieza-entera","status":"publish","type":"product","link":"https:\/\/lossantosibericos.com\/en\/product\/50-iberian-breed-bait-shoulder\/","title":{"rendered":"Jam\u00f3n de Cebo ib\u00e9rico 50% raza ib\u00e9rica"},"content":{"rendered":"","protected":false},"excerpt":{"rendered":"","protected":false},"featured_media":2013,"comment_status":"closed","ping_status":"closed","template":"","meta":[],"product_cat":[55],"product_tag":[62],"class_list":{"0":"post-485","1":"product","2":"type-product","3":"status-publish","4":"has-post-thumbnail","6":"product_cat-jamones","7":"product_tag-pieza-entera","9":"first","10":"instock","11":"taxable","12":"shipping-taxable","13":"purchasable","14":"product-type-variable"},"_links":{"self":[{"href":"https:\/\/lossantosibericos.com\/en\/wp-json\/wp\/v2\/product\/485","targetHints":{"allow":["GET"]}}],"collection":[{"href":"https:\/\/lossantosibericos.com\/en\/wp-json\/wp\/v2\/product"}],"about":[{"href":"https:\/\/lossantosibericos.com\/en\/wp-json\/wp\/v2\/types\/product"}],"replies":[{"embeddable":true,"href":"https:\/\/lossantosibericos.com\/en\/wp-json\/wp\/v2\/comments?post=485"}],"wp:featuredmedia":[{"embeddable":true,"href":"https:\/\/lossantosibericos.com\/en\/wp-json\/wp\/v2\/media\/2013"}],"wp:attachment":[{"href":"https:\/\/lossantosibericos.com\/en\/wp-json\/wp\/v2\/media?parent=485"}],"wp:term":[{"taxonomy":"product_cat","embeddable":true,"href":"https:\/\/lossantosibericos.com\/en\/wp-json\/wp\/v2\/product_cat?post=485"},{"taxonomy":"product_tag","embeddable":true,"href":"https:\/\/lossantosibericos.com\/en\/wp-json\/wp\/v2\/product_tag?post=485"}],"curies":[{"name":"wp","href":"https:\/\/api.w.org\/{rel}","templated":true}]}}