{"id":487,"date":"2020-06-29T05:41:49","date_gmt":"2020-06-29T03:41:49","guid":{"rendered":"https:\/\/lossantosibericos.com\/product\/jamon-de-cebo-de-campo-50-raza-iberico\/"},"modified":"2025-12-02T14:24:30","modified_gmt":"2025-12-02T13:24:30","slug":"jamon-de-cebo-de-campo-50-raza-iberico-sobres","status":"publish","type":"product","link":"https:\/\/lossantosibericos.com\/en\/product\/50-iberian-breed-field-bait-ham\/","title":{"rendered":"Jam\u00f3n de Cebo de Campo ib\u00e9rico 50% raza ib\u00e9rico"},"content":{"rendered":"","protected":false},"excerpt":{"rendered":"","protected":false},"featured_media":401,"comment_status":"closed","ping_status":"closed","template":"","meta":[],"product_cat":[20,22],"product_tag":[63],"class_list":{"0":"post-487","1":"product","2":"type-product","3":"status-publish","4":"has-post-thumbnail","6":"product_cat-curados-loncheados","7":"product_cat-packs","8":"product_tag-loncheado","10":"first","11":"instock","12":"taxable","13":"shipping-taxable","14":"purchasable","15":"product-type-variable"},"_links":{"self":[{"href":"https:\/\/lossantosibericos.com\/en\/wp-json\/wp\/v2\/product\/487","targetHints":{"allow":["GET"]}}],"collection":[{"href":"https:\/\/lossantosibericos.com\/en\/wp-json\/wp\/v2\/product"}],"about":[{"href":"https:\/\/lossantosibericos.com\/en\/wp-json\/wp\/v2\/types\/product"}],"replies":[{"embeddable":true,"href":"https:\/\/lossantosibericos.com\/en\/wp-json\/wp\/v2\/comments?post=487"}],"wp:featuredmedia":[{"embeddable":true,"href":"https:\/\/lossantosibericos.com\/en\/wp-json\/wp\/v2\/media\/401"}],"wp:attachment":[{"href":"https:\/\/lossantosibericos.com\/en\/wp-json\/wp\/v2\/media?parent=487"}],"wp:term":[{"taxonomy":"product_cat","embeddable":true,"href":"https:\/\/lossantosibericos.com\/en\/wp-json\/wp\/v2\/product_cat?post=487"},{"taxonomy":"product_tag","embeddable":true,"href":"https:\/\/lossantosibericos.com\/en\/wp-json\/wp\/v2\/product_tag?post=487"}],"curies":[{"name":"wp","href":"https:\/\/api.w.org\/{rel}","templated":true}]}}