{"id":490,"date":"2020-06-29T05:41:49","date_gmt":"2020-06-29T05:41:49","guid":{"rendered":"https:\/\/lossantosibericos.com\/product\/jamon-de-bellota-50-raza-iberico\/"},"modified":"2025-12-02T14:26:08","modified_gmt":"2025-12-02T13:26:08","slug":"jamon-de-bellota-50-raza-iberico-sobres","status":"publish","type":"product","link":"https:\/\/lossantosibericos.com\/en\/product\/50-iberian-breed-accorn-feed-ham\/","title":{"rendered":"Jam\u00f3n de Bellota ib\u00e9rico 50% raza ib\u00e9rica"},"content":{"rendered":"","protected":false},"excerpt":{"rendered":"","protected":false},"featured_media":422,"comment_status":"closed","ping_status":"closed","template":"","meta":[],"product_cat":[20,22],"product_tag":[63],"class_list":{"0":"post-490","1":"product","2":"type-product","3":"status-publish","4":"has-post-thumbnail","6":"product_cat-curados-loncheados","7":"product_cat-packs","8":"product_tag-loncheado","10":"first","11":"instock","12":"taxable","13":"shipping-taxable","14":"purchasable","15":"product-type-variable"},"_links":{"self":[{"href":"https:\/\/lossantosibericos.com\/en\/wp-json\/wp\/v2\/product\/490","targetHints":{"allow":["GET"]}}],"collection":[{"href":"https:\/\/lossantosibericos.com\/en\/wp-json\/wp\/v2\/product"}],"about":[{"href":"https:\/\/lossantosibericos.com\/en\/wp-json\/wp\/v2\/types\/product"}],"replies":[{"embeddable":true,"href":"https:\/\/lossantosibericos.com\/en\/wp-json\/wp\/v2\/comments?post=490"}],"wp:featuredmedia":[{"embeddable":true,"href":"https:\/\/lossantosibericos.com\/en\/wp-json\/wp\/v2\/media\/422"}],"wp:attachment":[{"href":"https:\/\/lossantosibericos.com\/en\/wp-json\/wp\/v2\/media?parent=490"}],"wp:term":[{"taxonomy":"product_cat","embeddable":true,"href":"https:\/\/lossantosibericos.com\/en\/wp-json\/wp\/v2\/product_cat?post=490"},{"taxonomy":"product_tag","embeddable":true,"href":"https:\/\/lossantosibericos.com\/en\/wp-json\/wp\/v2\/product_tag?post=490"}],"curies":[{"name":"wp","href":"https:\/\/api.w.org\/{rel}","templated":true}]}}